{"id":16800,"date":"2025-01-23T13:30:25","date_gmt":"2025-01-23T13:30:25","guid":{"rendered":"https:\/\/babywohl.de\/product\/babywohl-anti-colic-thermal-belt-set-with-click-and-heating-pad\/"},"modified":"2025-01-23T13:30:25","modified_gmt":"2025-01-23T13:30:25","slug":"babywohl-anti-colic-thermal-belt-set-with-click-and-heating-pad","status":"publish","type":"product","link":"https:\/\/babywohl.de\/en\/product\/babywohl-anti-colic-thermal-belt-set-with-click-and-heating-pad\/","title":{"rendered":"Babywohl\u00ae \u2013 Anti-colic thermal belt set with click and heating pad"},"content":{"rendered":"<h4>Information about this article<\/h4>\n<ul>\n<li style=\"list-style-type: none;\">\n<ul>\n<li>INNOVATIVE THERMOGEAR: The best choice for fast pain relief from colic, abdominal cramps and bloating.<\/li>\n<li>QUICK APPLICATION: Effective heat treatment in seconds for your child&#8217;s well-being. Also suitable for use on the go. <\/li>\n<li>BETTER SLEEP: Reduces crying and promotes a more restful sleep for your baby.<\/li>\n<li>KOMFORTABLER TRAGEKOMFORT: Kann \u00fcber der Kleidung getragen werden, schr\u00e4nkt die Bewegungsfreiheit nicht ein und verrutscht nicht.<\/li>\n<li>EXCELLENT PRODUCT: Recommended by midwives and developed in Germany.<\/li>\n<li>IDEAL FOR ON THE GO: Compact and lightweight, perfect for home and travel.<\/li>\n<\/ul>\n<\/li>\n<\/ul>\n<h4>The NEW Baby Wellbeing Warming Belt Plus \u2013 even more effective<br \/>Many babies suffer from so-called three-month colic after birth. Colic is a major burden for babies and parents in the first months of life and often later on. The child cries despite a fresh diaper and sufficient feeding. Sleep is also restless or constantly interrupted.   <\/h4>\n<p>Colic is caused by an not yet fully developed digestive system. Severe abdominal cramps, bloating, and tense abdominal muscles lead to intense pain. The Babywohl Heat Belt Plus works in two ways. The carefully dosed and precisely placed heat relaxes the digestive tract and abdominal muscles. The adjustable and even pressure of the belt helps relieve bloating and simulates lying on the stomach. Since babies should not lie on their stomachs, the heat belt is a good alternative. The belt stays in place, and the child can still be carried or laid down.      <\/p>\n<p>The heat belt also offers further application possibilities.<\/p>\n<p>Hot water bottles that slip or restrict the child&#8217;s freedom of movement are a thing of the past!<\/p>\n<h4>What&#8217;s new and better?<\/h4>\n<ul>\n<li>New belt material. No more fraying. <\/li>\n<li>Longer belt for more adjustment options and larger circumferences.<\/li>\n<li>Thermal layer plus reflective layer inside for longer heat storage.<\/li>\n<li>New Easy-Slide mesh layer for easy insertion and removal of the heat pads.<\/li>\n<li>New, larger Velcro fastener. Greater adjustment range and no snagging on the fabric. <\/li>\n<li>Click-Pack for on the go or when you need warmth quickly. Instant heat with one click. <\/li>\n<li>Heat pad made of fabric-reinforced material for easier heating in the microwave.<\/li>\n<li>New, illustrated user manual in German and English.<\/li>\n<li>Sustainable packaging made from cardboard instead of plastic.<\/li>\n<\/ul>\n<h4>Die L\u00f6sung f\u00fcr Babys mit Koliken, Kr\u00e4mpfen und Schlafproblemen!<br \/>\nDiverse applications for babies, toddlers and adults<\/h4>\n<h4>Der W\u00e4rmeg\u00fcrtel ist f\u00fcr Babys besser geeignet als jede W\u00e4rmflasche.<\/h4>\n<h4>The heat treatment is more targeted, and the child can continue to move, be carried, breastfed or lie down \u2013 without any restrictions.<\/h4>\n<p>Further possible applications<\/p>\n<p>The heat packs and the heat belt offer additional application possibilities in heat therapy.<\/p>\n<p>For example, in cases of tension, cramps, and for cooling. The belt can be used here to dampen heat and position the child. <\/p>\n","protected":false},"excerpt":{"rendered":"<p>Information about this article INNOVATIVE THERMOGEAR: The best choice for fast pain relief from colic, abdominal cramps and bloating. QUICK<\/p>\n","protected":false},"featured_media":0,"comment_status":"open","ping_status":"closed","template":"","meta":[],"product_brand":[],"product_cat":[145],"product_tag":[],"class_list":{"0":"post-16800","1":"product","2":"type-product","3":"status-publish","5":"product_cat-health-and-personal-care","7":"first","8":"instock","9":"taxable","10":"shipping-taxable","11":"purchasable","12":"product-type-simple"},"yoast_head":"<!-- This site is optimized with the Yoast SEO Premium plugin v26.7 (Yoast SEO v27.2) - https:\/\/yoast.com\/product\/yoast-seo-premium-wordpress\/ -->\n<title>Babywohl\u00ae \u2013 Anti-colic thermal belt set with click and heating pad - Babywohl Thermo-G\u00fcrtel<\/title>\n<meta name=\"description\" content=\"Buy the ingenious Babywohl Thermo Belt here as a complete set with click-on and heating pad. Everything you need for a relaxed baby.\" \/>\n<meta name=\"robots\" content=\"index, follow, max-snippet:-1, max-image-preview:large, max-video-preview:-1\" \/>\n<link rel=\"canonical\" href=\"https:\/\/babywohl.de\/en\/product\/babywohl-anti-colic-thermal-belt-set-with-click-and-heating-pad\/\" \/>\n<meta property=\"og:locale\" content=\"en_US\" \/>\n<meta property=\"og:type\" content=\"article\" \/>\n<meta property=\"og:title\" content=\"Babywohl\u00ae \u2013 Anti-colic thermal belt set with click and heating pad\" \/>\n<meta property=\"og:description\" content=\"Buy the ingenious Babywohl Thermo Belt here as a complete set with click-on and heating pad. Everything you need for a relaxed baby.\" \/>\n<meta property=\"og:url\" content=\"https:\/\/babywohl.de\/en\/product\/babywohl-anti-colic-thermal-belt-set-with-click-and-heating-pad\/\" \/>\n<meta property=\"og:site_name\" content=\"Babywohl Thermo-G\u00fcrtel\" \/>\n<meta property=\"og:image\" content=\"https:\/\/babywohl.de\/wp-content\/uploads\/2025\/01\/Thermo-Gurtel-Box-Main.jpg\" \/>\n\t<meta property=\"og:image:width\" content=\"1500\" \/>\n\t<meta property=\"og:image:height\" content=\"1500\" \/>\n\t<meta property=\"og:image:type\" content=\"image\/jpeg\" \/>\n<meta name=\"twitter:card\" content=\"summary_large_image\" \/>\n<meta name=\"twitter:label1\" content=\"Est. reading time\" \/>\n\t<meta name=\"twitter:data1\" content=\"2 minutes\" \/>\n<script type=\"application\/ld+json\" class=\"yoast-schema-graph\">{\"@context\":\"https:\/\/schema.org\",\"@graph\":[{\"@type\":\"WebPage\",\"@id\":\"https:\/\/babywohl.de\/en\/product\/babywohl-anti-colic-thermal-belt-set-with-click-and-heating-pad\/\",\"url\":\"https:\/\/babywohl.de\/en\/product\/babywohl-anti-colic-thermal-belt-set-with-click-and-heating-pad\/\",\"name\":\"Babywohl\u00ae \u2013 Anti-colic thermal belt set with click and heating pad - Babywohl Thermo-G\u00fcrtel\",\"isPartOf\":{\"@id\":\"https:\/\/babywohl.de\/en\/#website\"},\"datePublished\":\"2025-01-23T13:30:25+00:00\",\"description\":\"Buy the ingenious Babywohl Thermo Belt here as a complete set with click-on and heating pad. Everything you need for a relaxed baby.\",\"breadcrumb\":{\"@id\":\"https:\/\/babywohl.de\/en\/product\/babywohl-anti-colic-thermal-belt-set-with-click-and-heating-pad\/#breadcrumb\"},\"inLanguage\":\"en-US\",\"potentialAction\":[{\"@type\":\"ReadAction\",\"target\":[\"https:\/\/babywohl.de\/en\/product\/babywohl-anti-colic-thermal-belt-set-with-click-and-heating-pad\/\"]}]},{\"@type\":\"BreadcrumbList\",\"@id\":\"https:\/\/babywohl.de\/en\/product\/babywohl-anti-colic-thermal-belt-set-with-click-and-heating-pad\/#breadcrumb\",\"itemListElement\":[{\"@type\":\"ListItem\",\"position\":1,\"name\":\"Home\",\"item\":\"https:\/\/babywohl.de\/en\/\"},{\"@type\":\"ListItem\",\"position\":2,\"name\":\"Shop\",\"item\":\"https:\/\/babywohl.de\/en\/shop\/\"},{\"@type\":\"ListItem\",\"position\":3,\"name\":\"Babywohl\u00ae \u2013 Anti-colic thermal belt set with click and heating pad\"}]},{\"@type\":\"WebSite\",\"@id\":\"https:\/\/babywohl.de\/en\/#website\",\"url\":\"https:\/\/babywohl.de\/en\/\",\"name\":\"Babywohl Thermo-G\u00fcrtel\",\"description\":\"W\u00e4rmflasche war einmal\",\"publisher\":{\"@id\":\"https:\/\/babywohl.de\/en\/#organization\"},\"potentialAction\":[{\"@type\":\"SearchAction\",\"target\":{\"@type\":\"EntryPoint\",\"urlTemplate\":\"https:\/\/babywohl.de\/en\/?s={search_term_string}\"},\"query-input\":{\"@type\":\"PropertyValueSpecification\",\"valueRequired\":true,\"valueName\":\"search_term_string\"}}],\"inLanguage\":\"en-US\"},{\"@type\":\"Organization\",\"@id\":\"https:\/\/babywohl.de\/en\/#organization\",\"name\":\"Babywohl\",\"url\":\"https:\/\/babywohl.de\/en\/\",\"logo\":{\"@type\":\"ImageObject\",\"inLanguage\":\"en-US\",\"@id\":\"https:\/\/babywohl.de\/en\/#\/schema\/logo\/image\/\",\"url\":\"https:\/\/babywohl.de\/wp-content\/uploads\/2025\/01\/Babywohl_Logo.jpg\",\"contentUrl\":\"https:\/\/babywohl.de\/wp-content\/uploads\/2025\/01\/Babywohl_Logo.jpg\",\"width\":2047,\"height\":1833,\"caption\":\"Babywohl\"},\"image\":{\"@id\":\"https:\/\/babywohl.de\/en\/#\/schema\/logo\/image\/\"}}]}<\/script>\n<!-- \/ Yoast SEO Premium plugin. -->","yoast_head_json":{"title":"Babywohl\u00ae \u2013 Anti-colic thermal belt set with click and heating pad - Babywohl Thermo-G\u00fcrtel","description":"Buy the ingenious Babywohl Thermo Belt here as a complete set with click-on and heating pad. Everything you need for a relaxed baby.","robots":{"index":"index","follow":"follow","max-snippet":"max-snippet:-1","max-image-preview":"max-image-preview:large","max-video-preview":"max-video-preview:-1"},"canonical":"https:\/\/babywohl.de\/en\/product\/babywohl-anti-colic-thermal-belt-set-with-click-and-heating-pad\/","og_locale":"en_US","og_type":"article","og_title":"Babywohl\u00ae \u2013 Anti-colic thermal belt set with click and heating pad","og_description":"Buy the ingenious Babywohl Thermo Belt here as a complete set with click-on and heating pad. Everything you need for a relaxed baby.","og_url":"https:\/\/babywohl.de\/en\/product\/babywohl-anti-colic-thermal-belt-set-with-click-and-heating-pad\/","og_site_name":"Babywohl Thermo-G\u00fcrtel","og_image":[{"width":1500,"height":1500,"url":"https:\/\/babywohl.de\/wp-content\/uploads\/2025\/01\/Thermo-Gurtel-Box-Main.jpg","type":"image\/jpeg"}],"twitter_card":"summary_large_image","twitter_misc":{"Est. reading time":"2 minutes"},"schema":{"@context":"https:\/\/schema.org","@graph":[{"@type":"WebPage","@id":"https:\/\/babywohl.de\/en\/product\/babywohl-anti-colic-thermal-belt-set-with-click-and-heating-pad\/","url":"https:\/\/babywohl.de\/en\/product\/babywohl-anti-colic-thermal-belt-set-with-click-and-heating-pad\/","name":"Babywohl\u00ae \u2013 Anti-colic thermal belt set with click and heating pad - Babywohl Thermo-G\u00fcrtel","isPartOf":{"@id":"https:\/\/babywohl.de\/en\/#website"},"datePublished":"2025-01-23T13:30:25+00:00","description":"Buy the ingenious Babywohl Thermo Belt here as a complete set with click-on and heating pad. Everything you need for a relaxed baby.","breadcrumb":{"@id":"https:\/\/babywohl.de\/en\/product\/babywohl-anti-colic-thermal-belt-set-with-click-and-heating-pad\/#breadcrumb"},"inLanguage":"en-US","potentialAction":[{"@type":"ReadAction","target":["https:\/\/babywohl.de\/en\/product\/babywohl-anti-colic-thermal-belt-set-with-click-and-heating-pad\/"]}]},{"@type":"BreadcrumbList","@id":"https:\/\/babywohl.de\/en\/product\/babywohl-anti-colic-thermal-belt-set-with-click-and-heating-pad\/#breadcrumb","itemListElement":[{"@type":"ListItem","position":1,"name":"Home","item":"https:\/\/babywohl.de\/en\/"},{"@type":"ListItem","position":2,"name":"Shop","item":"https:\/\/babywohl.de\/en\/shop\/"},{"@type":"ListItem","position":3,"name":"Babywohl\u00ae \u2013 Anti-colic thermal belt set with click and heating pad"}]},{"@type":"WebSite","@id":"https:\/\/babywohl.de\/en\/#website","url":"https:\/\/babywohl.de\/en\/","name":"Babywohl Thermo-G\u00fcrtel","description":"W\u00e4rmflasche war einmal","publisher":{"@id":"https:\/\/babywohl.de\/en\/#organization"},"potentialAction":[{"@type":"SearchAction","target":{"@type":"EntryPoint","urlTemplate":"https:\/\/babywohl.de\/en\/?s={search_term_string}"},"query-input":{"@type":"PropertyValueSpecification","valueRequired":true,"valueName":"search_term_string"}}],"inLanguage":"en-US"},{"@type":"Organization","@id":"https:\/\/babywohl.de\/en\/#organization","name":"Babywohl","url":"https:\/\/babywohl.de\/en\/","logo":{"@type":"ImageObject","inLanguage":"en-US","@id":"https:\/\/babywohl.de\/en\/#\/schema\/logo\/image\/","url":"https:\/\/babywohl.de\/wp-content\/uploads\/2025\/01\/Babywohl_Logo.jpg","contentUrl":"https:\/\/babywohl.de\/wp-content\/uploads\/2025\/01\/Babywohl_Logo.jpg","width":2047,"height":1833,"caption":"Babywohl"},"image":{"@id":"https:\/\/babywohl.de\/en\/#\/schema\/logo\/image\/"}}]}},"_links":{"self":[{"href":"https:\/\/babywohl.de\/en\/wp-json\/wp\/v2\/product\/16800","targetHints":{"allow":["GET"]}}],"collection":[{"href":"https:\/\/babywohl.de\/en\/wp-json\/wp\/v2\/product"}],"about":[{"href":"https:\/\/babywohl.de\/en\/wp-json\/wp\/v2\/types\/product"}],"replies":[{"embeddable":true,"href":"https:\/\/babywohl.de\/en\/wp-json\/wp\/v2\/comments?post=16800"}],"version-history":[{"count":0,"href":"https:\/\/babywohl.de\/en\/wp-json\/wp\/v2\/product\/16800\/revisions"}],"wp:attachment":[{"href":"https:\/\/babywohl.de\/en\/wp-json\/wp\/v2\/media?parent=16800"}],"wp:term":[{"taxonomy":"product_brand","embeddable":true,"href":"https:\/\/babywohl.de\/en\/wp-json\/wp\/v2\/product_brand?post=16800"},{"taxonomy":"product_cat","embeddable":true,"href":"https:\/\/babywohl.de\/en\/wp-json\/wp\/v2\/product_cat?post=16800"},{"taxonomy":"product_tag","embeddable":true,"href":"https:\/\/babywohl.de\/en\/wp-json\/wp\/v2\/product_tag?post=16800"}],"curies":[{"name":"wp","href":"https:\/\/api.w.org\/{rel}","templated":true}]}}