{"id":16805,"date":"2025-01-29T10:28:35","date_gmt":"2025-01-29T10:28:35","guid":{"rendered":"https:\/\/babywohl.de\/product\/extra-click-pack-fuer-babywohl-thermoguertel\/"},"modified":"2025-01-29T10:28:35","modified_gmt":"2025-01-29T10:28:35","slug":"extra-click-pack-fuer-babywohl-thermoguertel","status":"publish","type":"product","link":"https:\/\/babywohl.de\/en\/product\/extra-click-pack-fuer-babywohl-thermoguertel\/","title":{"rendered":"Extra Click-Pack f\u00fcr Babywohl Thermog\u00fcrtel"},"content":{"rendered":"<p>The innovative Click Pack ensures quick application \u2013 even on the go.<br \/>It activates with a click, reaches the optimal temperature within seconds, and can be used directly in the heating belt.<br \/>The Click Pack is infinitely reusable.<br \/>To reactivate it, simply thaw it in boiling water according to the enclosed instructions.<br \/>Here you can purchase the Click Pack individually as a replacement or accessory.<\/p>\n","protected":false},"excerpt":{"rendered":"<p>Available individually as an accessory or replacement for your Babywohl thermal belt.<\/p>\n","protected":false},"featured_media":16416,"comment_status":"open","ping_status":"closed","template":"","meta":[],"product_brand":[],"product_cat":[145],"product_tag":[],"class_list":{"0":"post-16805","1":"product","2":"type-product","3":"status-publish","4":"has-post-thumbnail","6":"product_cat-health-and-personal-care","8":"first","9":"instock","10":"taxable","11":"shipping-taxable","12":"purchasable","13":"product-type-simple"},"yoast_head":"<!-- This site is optimized with the Yoast SEO Premium plugin v26.7 (Yoast SEO v27.2) - https:\/\/yoast.com\/product\/yoast-seo-premium-wordpress\/ -->\n<title>Extra Click-Pack f\u00fcr Babywohl Thermog\u00fcrtel - Babywohl Thermo-G\u00fcrtel<\/title>\n<meta name=\"description\" content=\"Here you can buy additional Click Packs for the Baywohl thermal belt. Ready to use faster than any hot water bottle \u2013 even on the go.\" \/>\n<meta name=\"robots\" content=\"index, follow, max-snippet:-1, max-image-preview:large, max-video-preview:-1\" \/>\n<link rel=\"canonical\" href=\"https:\/\/babywohl.de\/en\/product\/extra-click-pack-fuer-babywohl-thermoguertel\/\" \/>\n<meta property=\"og:locale\" content=\"en_US\" \/>\n<meta property=\"og:type\" content=\"article\" \/>\n<meta property=\"og:title\" content=\"Extra Click-Pack f\u00fcr Babywohl Thermog\u00fcrtel\" \/>\n<meta property=\"og:description\" content=\"Here you can buy additional Click Packs for the Baywohl thermal belt. Ready to use faster than any hot water bottle \u2013 even on the go.\" \/>\n<meta property=\"og:url\" content=\"https:\/\/babywohl.de\/en\/product\/extra-click-pack-fuer-babywohl-thermoguertel\/\" \/>\n<meta property=\"og:site_name\" content=\"Babywohl Thermo-G\u00fcrtel\" \/>\n<meta property=\"og:image\" content=\"https:\/\/babywohl.de\/wp-content\/uploads\/2025\/01\/Cklick-Pack-Thermo-Guertel.jpg\" \/>\n\t<meta property=\"og:image:width\" content=\"500\" \/>\n\t<meta property=\"og:image:height\" content=\"500\" \/>\n\t<meta property=\"og:image:type\" content=\"image\/jpeg\" \/>\n<meta name=\"twitter:card\" content=\"summary_large_image\" \/>\n<script type=\"application\/ld+json\" class=\"yoast-schema-graph\">{\"@context\":\"https:\/\/schema.org\",\"@graph\":[{\"@type\":\"WebPage\",\"@id\":\"https:\/\/babywohl.de\/en\/product\/extra-click-pack-fuer-babywohl-thermoguertel\/\",\"url\":\"https:\/\/babywohl.de\/en\/product\/extra-click-pack-fuer-babywohl-thermoguertel\/\",\"name\":\"Extra Click-Pack f\u00fcr Babywohl Thermog\u00fcrtel - Babywohl Thermo-G\u00fcrtel\",\"isPartOf\":{\"@id\":\"https:\/\/babywohl.de\/en\/#website\"},\"primaryImageOfPage\":{\"@id\":\"https:\/\/babywohl.de\/en\/product\/extra-click-pack-fuer-babywohl-thermoguertel\/#primaryimage\"},\"image\":{\"@id\":\"https:\/\/babywohl.de\/en\/product\/extra-click-pack-fuer-babywohl-thermoguertel\/#primaryimage\"},\"thumbnailUrl\":\"https:\/\/babywohl.de\/wp-content\/uploads\/2025\/01\/Cklick-Pack-Thermo-Guertel.jpg\",\"datePublished\":\"2025-01-29T10:28:35+00:00\",\"description\":\"Here you can buy additional Click Packs for the Baywohl thermal belt. Ready to use faster than any hot water bottle \u2013 even on the go.\",\"breadcrumb\":{\"@id\":\"https:\/\/babywohl.de\/en\/product\/extra-click-pack-fuer-babywohl-thermoguertel\/#breadcrumb\"},\"inLanguage\":\"en-US\",\"potentialAction\":[{\"@type\":\"ReadAction\",\"target\":[\"https:\/\/babywohl.de\/en\/product\/extra-click-pack-fuer-babywohl-thermoguertel\/\"]}]},{\"@type\":\"ImageObject\",\"inLanguage\":\"en-US\",\"@id\":\"https:\/\/babywohl.de\/en\/product\/extra-click-pack-fuer-babywohl-thermoguertel\/#primaryimage\",\"url\":\"https:\/\/babywohl.de\/wp-content\/uploads\/2025\/01\/Cklick-Pack-Thermo-Guertel.jpg\",\"contentUrl\":\"https:\/\/babywohl.de\/wp-content\/uploads\/2025\/01\/Cklick-Pack-Thermo-Guertel.jpg\",\"width\":500,\"height\":500},{\"@type\":\"BreadcrumbList\",\"@id\":\"https:\/\/babywohl.de\/en\/product\/extra-click-pack-fuer-babywohl-thermoguertel\/#breadcrumb\",\"itemListElement\":[{\"@type\":\"ListItem\",\"position\":1,\"name\":\"Home\",\"item\":\"https:\/\/babywohl.de\/en\/\"},{\"@type\":\"ListItem\",\"position\":2,\"name\":\"Shop\",\"item\":\"https:\/\/babywohl.de\/en\/shop\/\"},{\"@type\":\"ListItem\",\"position\":3,\"name\":\"Extra Click-Pack f\u00fcr Babywohl Thermog\u00fcrtel\"}]},{\"@type\":\"WebSite\",\"@id\":\"https:\/\/babywohl.de\/en\/#website\",\"url\":\"https:\/\/babywohl.de\/en\/\",\"name\":\"Babywohl Thermo-G\u00fcrtel\",\"description\":\"W\u00e4rmflasche war einmal\",\"publisher\":{\"@id\":\"https:\/\/babywohl.de\/en\/#organization\"},\"potentialAction\":[{\"@type\":\"SearchAction\",\"target\":{\"@type\":\"EntryPoint\",\"urlTemplate\":\"https:\/\/babywohl.de\/en\/?s={search_term_string}\"},\"query-input\":{\"@type\":\"PropertyValueSpecification\",\"valueRequired\":true,\"valueName\":\"search_term_string\"}}],\"inLanguage\":\"en-US\"},{\"@type\":\"Organization\",\"@id\":\"https:\/\/babywohl.de\/en\/#organization\",\"name\":\"Babywohl\",\"url\":\"https:\/\/babywohl.de\/en\/\",\"logo\":{\"@type\":\"ImageObject\",\"inLanguage\":\"en-US\",\"@id\":\"https:\/\/babywohl.de\/en\/#\/schema\/logo\/image\/\",\"url\":\"https:\/\/babywohl.de\/wp-content\/uploads\/2025\/01\/Babywohl_Logo.jpg\",\"contentUrl\":\"https:\/\/babywohl.de\/wp-content\/uploads\/2025\/01\/Babywohl_Logo.jpg\",\"width\":2047,\"height\":1833,\"caption\":\"Babywohl\"},\"image\":{\"@id\":\"https:\/\/babywohl.de\/en\/#\/schema\/logo\/image\/\"}}]}<\/script>\n<!-- \/ Yoast SEO Premium plugin. -->","yoast_head_json":{"title":"Extra Click-Pack f\u00fcr Babywohl Thermog\u00fcrtel - Babywohl Thermo-G\u00fcrtel","description":"Here you can buy additional Click Packs for the Baywohl thermal belt. Ready to use faster than any hot water bottle \u2013 even on the go.","robots":{"index":"index","follow":"follow","max-snippet":"max-snippet:-1","max-image-preview":"max-image-preview:large","max-video-preview":"max-video-preview:-1"},"canonical":"https:\/\/babywohl.de\/en\/product\/extra-click-pack-fuer-babywohl-thermoguertel\/","og_locale":"en_US","og_type":"article","og_title":"Extra Click-Pack f\u00fcr Babywohl Thermog\u00fcrtel","og_description":"Here you can buy additional Click Packs for the Baywohl thermal belt. Ready to use faster than any hot water bottle \u2013 even on the go.","og_url":"https:\/\/babywohl.de\/en\/product\/extra-click-pack-fuer-babywohl-thermoguertel\/","og_site_name":"Babywohl Thermo-G\u00fcrtel","og_image":[{"width":500,"height":500,"url":"https:\/\/babywohl.de\/wp-content\/uploads\/2025\/01\/Cklick-Pack-Thermo-Guertel.jpg","type":"image\/jpeg"}],"twitter_card":"summary_large_image","schema":{"@context":"https:\/\/schema.org","@graph":[{"@type":"WebPage","@id":"https:\/\/babywohl.de\/en\/product\/extra-click-pack-fuer-babywohl-thermoguertel\/","url":"https:\/\/babywohl.de\/en\/product\/extra-click-pack-fuer-babywohl-thermoguertel\/","name":"Extra Click-Pack f\u00fcr Babywohl Thermog\u00fcrtel - Babywohl Thermo-G\u00fcrtel","isPartOf":{"@id":"https:\/\/babywohl.de\/en\/#website"},"primaryImageOfPage":{"@id":"https:\/\/babywohl.de\/en\/product\/extra-click-pack-fuer-babywohl-thermoguertel\/#primaryimage"},"image":{"@id":"https:\/\/babywohl.de\/en\/product\/extra-click-pack-fuer-babywohl-thermoguertel\/#primaryimage"},"thumbnailUrl":"https:\/\/babywohl.de\/wp-content\/uploads\/2025\/01\/Cklick-Pack-Thermo-Guertel.jpg","datePublished":"2025-01-29T10:28:35+00:00","description":"Here you can buy additional Click Packs for the Baywohl thermal belt. Ready to use faster than any hot water bottle \u2013 even on the go.","breadcrumb":{"@id":"https:\/\/babywohl.de\/en\/product\/extra-click-pack-fuer-babywohl-thermoguertel\/#breadcrumb"},"inLanguage":"en-US","potentialAction":[{"@type":"ReadAction","target":["https:\/\/babywohl.de\/en\/product\/extra-click-pack-fuer-babywohl-thermoguertel\/"]}]},{"@type":"ImageObject","inLanguage":"en-US","@id":"https:\/\/babywohl.de\/en\/product\/extra-click-pack-fuer-babywohl-thermoguertel\/#primaryimage","url":"https:\/\/babywohl.de\/wp-content\/uploads\/2025\/01\/Cklick-Pack-Thermo-Guertel.jpg","contentUrl":"https:\/\/babywohl.de\/wp-content\/uploads\/2025\/01\/Cklick-Pack-Thermo-Guertel.jpg","width":500,"height":500},{"@type":"BreadcrumbList","@id":"https:\/\/babywohl.de\/en\/product\/extra-click-pack-fuer-babywohl-thermoguertel\/#breadcrumb","itemListElement":[{"@type":"ListItem","position":1,"name":"Home","item":"https:\/\/babywohl.de\/en\/"},{"@type":"ListItem","position":2,"name":"Shop","item":"https:\/\/babywohl.de\/en\/shop\/"},{"@type":"ListItem","position":3,"name":"Extra Click-Pack f\u00fcr Babywohl Thermog\u00fcrtel"}]},{"@type":"WebSite","@id":"https:\/\/babywohl.de\/en\/#website","url":"https:\/\/babywohl.de\/en\/","name":"Babywohl Thermo-G\u00fcrtel","description":"W\u00e4rmflasche war einmal","publisher":{"@id":"https:\/\/babywohl.de\/en\/#organization"},"potentialAction":[{"@type":"SearchAction","target":{"@type":"EntryPoint","urlTemplate":"https:\/\/babywohl.de\/en\/?s={search_term_string}"},"query-input":{"@type":"PropertyValueSpecification","valueRequired":true,"valueName":"search_term_string"}}],"inLanguage":"en-US"},{"@type":"Organization","@id":"https:\/\/babywohl.de\/en\/#organization","name":"Babywohl","url":"https:\/\/babywohl.de\/en\/","logo":{"@type":"ImageObject","inLanguage":"en-US","@id":"https:\/\/babywohl.de\/en\/#\/schema\/logo\/image\/","url":"https:\/\/babywohl.de\/wp-content\/uploads\/2025\/01\/Babywohl_Logo.jpg","contentUrl":"https:\/\/babywohl.de\/wp-content\/uploads\/2025\/01\/Babywohl_Logo.jpg","width":2047,"height":1833,"caption":"Babywohl"},"image":{"@id":"https:\/\/babywohl.de\/en\/#\/schema\/logo\/image\/"}}]}},"_links":{"self":[{"href":"https:\/\/babywohl.de\/en\/wp-json\/wp\/v2\/product\/16805","targetHints":{"allow":["GET"]}}],"collection":[{"href":"https:\/\/babywohl.de\/en\/wp-json\/wp\/v2\/product"}],"about":[{"href":"https:\/\/babywohl.de\/en\/wp-json\/wp\/v2\/types\/product"}],"replies":[{"embeddable":true,"href":"https:\/\/babywohl.de\/en\/wp-json\/wp\/v2\/comments?post=16805"}],"version-history":[{"count":0,"href":"https:\/\/babywohl.de\/en\/wp-json\/wp\/v2\/product\/16805\/revisions"}],"wp:featuredmedia":[{"embeddable":true,"href":"https:\/\/babywohl.de\/en\/wp-json\/wp\/v2\/media\/16416"}],"wp:attachment":[{"href":"https:\/\/babywohl.de\/en\/wp-json\/wp\/v2\/media?parent=16805"}],"wp:term":[{"taxonomy":"product_brand","embeddable":true,"href":"https:\/\/babywohl.de\/en\/wp-json\/wp\/v2\/product_brand?post=16805"},{"taxonomy":"product_cat","embeddable":true,"href":"https:\/\/babywohl.de\/en\/wp-json\/wp\/v2\/product_cat?post=16805"},{"taxonomy":"product_tag","embeddable":true,"href":"https:\/\/babywohl.de\/en\/wp-json\/wp\/v2\/product_tag?post=16805"}],"curies":[{"name":"wp","href":"https:\/\/api.w.org\/{rel}","templated":true}]}}